{"id":5814,"date":"2026-01-07T21:54:09","date_gmt":"2026-01-08T03:54:09","guid":{"rendered":"https:\/\/trabajosocial.usac.edu.gt\/?page_id=5814"},"modified":"2026-01-23T12:31:31","modified_gmt":"2026-01-23T18:31:31","slug":"pub2016-2-2-2","status":"publish","type":"page","link":"https:\/\/trabajosocial.usac.edu.gt\/?page_id=5814","title":{"rendered":"Publicaciones A\u00f1o 2024"},"content":{"rendered":"<table cellspacing=\"0\" cellpadding=\"0\">\n<tbody>\n<tr>\n<td colspan=\"3\" height=\"47\">\n<div class=\"style20\" align=\"center\">\n<p class=\"style31\">PUBLICACIONES INSTITUTO DE INVESTIGACIONES<\/p>\n<p class=\"style31\">T.S. ANGELA AYALA<\/p>\n<p>&nbsp;<\/p>\n<\/div>\n<\/td>\n<\/tr>\n<tr>\n<td bgcolor=\"#000000\" width=\"93\" height=\"26\">\n<div align=\"center\"><span class=\"style24\">ORDEN<\/span><\/div>\n<\/td>\n<td bgcolor=\"#000000\">\n<div align=\"center\"><span class=\"style24\">TITULO<\/span><\/div>\n<\/td>\n<td bgcolor=\"#000000\" width=\"96\"><span class=\"style24\">PDF<\/span><\/td>\n<\/tr>\n<tr>\n<td height=\"26\">\n<div align=\"center\">1<\/div>\n<\/td>\n<td width=\"597\">Trabajo Social y Salud Mental en Guatemala: expectativas y retos para la intervenci\u00f3n en lo social<\/td>\n<td><a href=\"https:\/\/trabajosocial.usac.edu.gt\/wp-content\/uploads\/2026\/01\/Pub202501.pdf\">Pub202401.pdf<\/a><\/td>\n<\/tr>\n<tr>\n<td bgcolor=\"#999999\" height=\"26\">\n<div align=\"center\">2<\/div>\n<\/td>\n<td bgcolor=\"#999999\" width=\"597\">Importancia de Trabajo Social para la Prevenci\u00f3n del Ciberdelito en grupos sociales vulnerables en Guatemala<\/td>\n<td bgcolor=\"#999999\"><a href=\"https:\/\/trabajosocial.usac.edu.gt\/wp-content\/uploads\/2026\/01\/Pub202502.pdf\">Pub202402.pdf<\/a><\/td>\n<\/tr>\n<tr>\n<td height=\"26\">\n<div align=\"center\">3<\/div>\n<\/td>\n<td width=\"597\">Comprensi\u00f3n y aplicaci\u00f3n de los principios de inclusi\u00f3n y sostenibilidad en el ejercicio profesional de Trabajo Social a grupos vulnerables en Guatemala<\/td>\n<td><a href=\"https:\/\/trabajosocial.usac.edu.gt\/wp-content\/uploads\/2026\/01\/Pub202503.pdf\">Pub202403.pdf<\/a><\/td>\n<\/tr>\n<tr>\n<td bgcolor=\"#999999\" height=\"26\">\n<div class=\"style30\" align=\"center\">4<\/div>\n<\/td>\n<td bgcolor=\"#999999\" width=\"597\">Procesos de Formaci\u00f3n Educativa en Modalidad Semipresencial Post Pandemia 2024 en la Escuela de Trabajo Social, Universidad de San Carlos de Guatemala -USAC-<\/td>\n<td bgcolor=\"#999999\"><span class=\"style30\"><a href=\"https:\/\/trabajosocial.usac.edu.gt\/wp-content\/uploads\/2026\/01\/Pub202504.pdf\">Pub202504.pdf<\/a><\/span><\/td>\n<\/tr>\n<tr>\n<td height=\"26\">\n<div align=\"center\">5<\/div>\n<\/td>\n<td width=\"597\">Desaf\u00edos de Trabajo Social para la intervenci\u00f3n en contextos de inseguridad alimentaria en Guatemala<\/td>\n<td><a href=\"https:\/\/trabajosocial.usac.edu.gt\/wp-content\/uploads\/2026\/01\/Pub202505.pdf\">Pub202405.pdf<\/a><\/td>\n<\/tr>\n<\/tbody>\n<\/table>\n<p>&nbsp;<\/p>\n","protected":false},"excerpt":{"rendered":"<p>PUBLICACIONES INSTITUTO DE INVESTIGACIONES T.S. ANGELA AYALA &nbsp; ORDEN TITULO PDF 1 Trabajo Social y Salud Mental en Guatemala: expectativas y retos para la intervenci\u00f3n en<span class=\"excerpt-hellip\"> [\u2026]<\/span><\/p>\n","protected":false},"author":9,"featured_media":0,"parent":0,"menu_order":0,"comment_status":"closed","ping_status":"closed","template":"","meta":{"footnotes":""},"class_list":["post-5814","page","type-page","status-publish","hentry"],"_links":{"self":[{"href":"https:\/\/trabajosocial.usac.edu.gt\/index.php?rest_route=\/wp\/v2\/pages\/5814","targetHints":{"allow":["GET"]}}],"collection":[{"href":"https:\/\/trabajosocial.usac.edu.gt\/index.php?rest_route=\/wp\/v2\/pages"}],"about":[{"href":"https:\/\/trabajosocial.usac.edu.gt\/index.php?rest_route=\/wp\/v2\/types\/page"}],"author":[{"embeddable":true,"href":"https:\/\/trabajosocial.usac.edu.gt\/index.php?rest_route=\/wp\/v2\/users\/9"}],"replies":[{"embeddable":true,"href":"https:\/\/trabajosocial.usac.edu.gt\/index.php?rest_route=%2Fwp%2Fv2%2Fcomments&post=5814"}],"version-history":[{"count":8,"href":"https:\/\/trabajosocial.usac.edu.gt\/index.php?rest_route=\/wp\/v2\/pages\/5814\/revisions"}],"predecessor-version":[{"id":5829,"href":"https:\/\/trabajosocial.usac.edu.gt\/index.php?rest_route=\/wp\/v2\/pages\/5814\/revisions\/5829"}],"wp:attachment":[{"href":"https:\/\/trabajosocial.usac.edu.gt\/index.php?rest_route=%2Fwp%2Fv2%2Fmedia&parent=5814"}],"curies":[{"name":"wp","href":"https:\/\/api.w.org\/{rel}","templated":true}]}}