{"id":5613,"date":"2025-01-16T18:09:34","date_gmt":"2025-01-17T00:09:34","guid":{"rendered":"https:\/\/trabajosocial.usac.edu.gt\/?page_id=5613"},"modified":"2025-01-16T18:09:34","modified_gmt":"2025-01-17T00:09:34","slug":"pub2016-2","status":"publish","type":"page","link":"https:\/\/trabajosocial.usac.edu.gt\/?page_id=5613","title":{"rendered":"Publicaciones A\u00f1o 2022"},"content":{"rendered":"<table cellspacing=\"0\" cellpadding=\"0\">\n<tbody>\n<tr>\n<td colspan=\"3\" height=\"47\">\n<div class=\"style20\" align=\"center\">\n<p class=\"style31\">PUBLICACIONES INSTITUTO DE INVESTIGACIONES<\/p>\n<p class=\"style31\">T.S. ANGELA AYALA<\/p>\n<p>&nbsp;<\/p>\n<\/div>\n<\/td>\n<\/tr>\n<tr>\n<td bgcolor=\"#000000\" width=\"93\" height=\"26\">\n<div align=\"center\"><span class=\"style24\">ORDEN<\/span><\/div>\n<\/td>\n<td bgcolor=\"#000000\">\n<div align=\"center\"><span class=\"style24\">TITULO<\/span><\/div>\n<\/td>\n<td bgcolor=\"#000000\" width=\"96\"><span class=\"style24\">PDF<\/span><\/td>\n<\/tr>\n<tr>\n<td height=\"26\">\n<div align=\"center\">1<\/div>\n<\/td>\n<td width=\"597\">Cumplimiento del Objetivo de Desarrollo Sostenible No. 4 (Educaci\u00f3n de calidad) en la Educaci\u00f3n primaria de Guatemala. Muestra: sector educativo 01-15-066 del municipio de Villa<br \/>\nNueva del Departamento de Guatemala.<\/td>\n<td><a href=\"https:\/\/trabajosocial.usac.edu.gt\/wp-content\/uploads\/2024\/01\/Pub202201.pdf\">Pub202201.pdf<\/a><\/td>\n<\/tr>\n<tr>\n<td bgcolor=\"#999999\" height=\"26\">\n<div align=\"center\">2<\/div>\n<\/td>\n<td bgcolor=\"#999999\" width=\"597\">Pr\u00e1cticas, Estructuras y Relaciones del Sistema de Justicia Penal en Guatemala.<\/td>\n<td bgcolor=\"#999999\"><a href=\"https:\/\/trabajosocial.usac.edu.gt\/wp-content\/uploads\/2024\/01\/Pub202202.pdf\">Pub202202.pdf<\/a><\/td>\n<\/tr>\n<tr>\n<td height=\"26\">\n<div align=\"center\">3<\/div>\n<\/td>\n<td width=\"597\">Consecuencias socioecon\u00f3micas y ambientales de las depresiones tropicales Eta e Iota en comunidad Mixlaj, Chiantla, y el desaf\u00edo del Trabajo Social.<\/td>\n<td><a href=\"https:\/\/trabajosocial.usac.edu.gt\/wp-content\/uploads\/2024\/01\/Pub202203.pdf\">Pub202203.pdf<\/a><\/td>\n<\/tr>\n<tr>\n<td bgcolor=\"#999999\" height=\"26\">\n<div class=\"style30\" align=\"center\">4<\/div>\n<\/td>\n<td bgcolor=\"#999999\" width=\"597\">Aproximaciones epistemol\u00f3gicas de la visi\u00f3n de Desarrollo Social desde el pueblo maya en Guatemala.<\/td>\n<td bgcolor=\"#999999\"><span class=\"style30\"><a href=\"https:\/\/trabajosocial.usac.edu.gt\/wp-content\/uploads\/2024\/03\/Pub202204.pdf\">Pub202204.pdf<\/a><\/span><\/td>\n<\/tr>\n<tr>\n<td height=\"26\">\n<div align=\"center\">5<\/div>\n<\/td>\n<td width=\"597\">Situaci\u00f3n de embarazos de ni\u00f1as y adolescentes en el Municipio de Santiago Sacatep\u00e9quez, Guatemala durante el per\u00edodo de 2018-2022 en el marco de los Objetivos de Desarrollo Sostenible, ODS<\/td>\n<td><a href=\"https:\/\/trabajosocial.usac.edu.gt\/wp-content\/uploads\/2024\/01\/Pub202205.pdf\">Pub202205.pdf<\/a><\/td>\n<\/tr>\n<tr>\n<td bgcolor=\"#999999\" height=\"26\">\n<div align=\"center\">6<\/div>\n<\/td>\n<td bgcolor=\"#999999\" width=\"597\">H\u00e1bitos de estudio de los estudiantes de primer a\u00f1o, secciones c y d de la carrera de Licenciatura en Trabajo Social<\/td>\n<td bgcolor=\"#999999\"><a href=\"https:\/\/trabajosocial.usac.edu.gt\/wp-content\/uploads\/2024\/01\/Pub202206.pdf\">Pub202206.pdf<\/a><\/td>\n<\/tr>\n<tr>\n<td height=\"26\">\n<div align=\"center\">7<\/div>\n<\/td>\n<td width=\"597\">Perfil Socioecon\u00f3mico de las Estudiantes de la Licenciatura en Trabajo Social de la Universidad de San Carlos de Guatemala<\/td>\n<td><a href=\"https:\/\/trabajosocial.usac.edu.gt\/wp-content\/uploads\/2024\/01\/Pub202207.pdf\">Pub202207.pdf<\/a><\/td>\n<\/tr>\n<tr>\n<td bgcolor=\"#999999\" height=\"26\">\n<div align=\"center\">8<\/div>\n<\/td>\n<td bgcolor=\"#999999\" width=\"597\">Guatemala, Reducci\u00f3n de la Pobreza en el Marco Agenda 2030<br \/>\ny los Objetivos de Desarrollo Sostenible<\/td>\n<td bgcolor=\"#999999\"><a href=\"https:\/\/trabajosocial.usac.edu.gt\/wp-content\/uploads\/2024\/01\/Pub202208.pdf\">Pub202208.pdf<\/a><\/td>\n<\/tr>\n<\/tbody>\n<\/table>\n<p>&nbsp;<\/p>\n","protected":false},"excerpt":{"rendered":"<p>PUBLICACIONES INSTITUTO DE INVESTIGACIONES T.S. ANGELA AYALA &nbsp; ORDEN TITULO PDF 1 Cumplimiento del Objetivo de Desarrollo Sostenible No. 4 (Educaci\u00f3n de calidad) en la Educaci\u00f3n<span class=\"excerpt-hellip\"> [\u2026]<\/span><\/p>\n","protected":false},"author":9,"featured_media":0,"parent":0,"menu_order":0,"comment_status":"closed","ping_status":"closed","template":"","meta":{"footnotes":""},"class_list":["post-5613","page","type-page","status-publish","hentry"],"_links":{"self":[{"href":"https:\/\/trabajosocial.usac.edu.gt\/index.php?rest_route=\/wp\/v2\/pages\/5613","targetHints":{"allow":["GET"]}}],"collection":[{"href":"https:\/\/trabajosocial.usac.edu.gt\/index.php?rest_route=\/wp\/v2\/pages"}],"about":[{"href":"https:\/\/trabajosocial.usac.edu.gt\/index.php?rest_route=\/wp\/v2\/types\/page"}],"author":[{"embeddable":true,"href":"https:\/\/trabajosocial.usac.edu.gt\/index.php?rest_route=\/wp\/v2\/users\/9"}],"replies":[{"embeddable":true,"href":"https:\/\/trabajosocial.usac.edu.gt\/index.php?rest_route=%2Fwp%2Fv2%2Fcomments&post=5613"}],"version-history":[{"count":1,"href":"https:\/\/trabajosocial.usac.edu.gt\/index.php?rest_route=\/wp\/v2\/pages\/5613\/revisions"}],"predecessor-version":[{"id":5626,"href":"https:\/\/trabajosocial.usac.edu.gt\/index.php?rest_route=\/wp\/v2\/pages\/5613\/revisions\/5626"}],"wp:attachment":[{"href":"https:\/\/trabajosocial.usac.edu.gt\/index.php?rest_route=%2Fwp%2Fv2%2Fmedia&parent=5613"}],"curies":[{"name":"wp","href":"https:\/\/api.w.org\/{rel}","templated":true}]}}