{"id":5381,"date":"2024-01-29T18:36:10","date_gmt":"2024-01-30T00:36:10","guid":{"rendered":"https:\/\/trabajosocial.usac.edu.gt\/?page_id=5381"},"modified":"2025-03-07T18:47:45","modified_gmt":"2025-03-08T00:47:45","slug":"pub2016-2-2","status":"publish","type":"page","link":"https:\/\/trabajosocial.usac.edu.gt\/?page_id=5381","title":{"rendered":"Publicaciones A\u00f1o 2023"},"content":{"rendered":"<table cellspacing=\"0\" cellpadding=\"0\">\n<tbody>\n<tr>\n<td colspan=\"3\" height=\"47\">\n<div class=\"style20\" align=\"center\">\n<p class=\"style31\">PUBLICACIONES INSTITUTO DE INVESTIGACIONES<\/p>\n<p class=\"style31\">T.S. ANGELA AYALA<\/p>\n<p>&nbsp;<\/p>\n<\/div>\n<\/td>\n<\/tr>\n<tr>\n<td bgcolor=\"#000000\" width=\"93\" height=\"26\">\n<div align=\"center\"><span class=\"style24\">ORDEN<\/span><\/div>\n<\/td>\n<td bgcolor=\"#000000\">\n<div align=\"center\"><span class=\"style24\">TITULO<\/span><\/div>\n<\/td>\n<td bgcolor=\"#000000\" width=\"96\"><span class=\"style24\">PDF<\/span><\/td>\n<\/tr>\n<tr>\n<td height=\"26\">\n<div align=\"center\">1<\/div>\n<\/td>\n<td width=\"597\">Trabajo Social: importancia de la investigaci\u00f3n para la intervenci\u00f3n en lo social<\/td>\n<td><a href=\"https:\/\/trabajosocial.usac.edu.gt\/wp-content\/uploads\/2025\/03\/Pub202301.pdf\">Pub202301.pdf<\/a><\/td>\n<\/tr>\n<tr>\n<td bgcolor=\"#999999\" height=\"26\">\n<div align=\"center\">2<\/div>\n<\/td>\n<td bgcolor=\"#999999\" width=\"597\">Efectos de la recesi\u00f3n econ\u00f3mica mundial en la seguridad alimentaria en Guatemala<\/td>\n<td bgcolor=\"#999999\"><a href=\"https:\/\/trabajosocial.usac.edu.gt\/wp-content\/uploads\/2024\/11\/Pub202302.pdf\">Pub202302.pdf<\/a><\/td>\n<\/tr>\n<tr>\n<td height=\"26\">\n<div align=\"center\">3<\/div>\n<\/td>\n<td width=\"597\">Situaci\u00f3n de la Educaci\u00f3n Virtual en la Escuela de Trabajo Social USAC durante la pandemia\u00a0 Covid-19 (2020-2022)<\/td>\n<td><a href=\"https:\/\/trabajosocial.usac.edu.gt\/wp-content\/uploads\/2024\/11\/Pub202303.pdf\">Pub202303.pdf<\/a><\/td>\n<\/tr>\n<tr>\n<td bgcolor=\"#999999\" height=\"26\">\n<div class=\"style30\" align=\"center\">4<\/div>\n<\/td>\n<td bgcolor=\"#999999\" width=\"597\">Situaci\u00f3n de la Atenci\u00f3n Materno Infantil en el departamento de Sacatep\u00e9quez y su impacto en el desarrollo de la Primera Infancia<\/td>\n<td bgcolor=\"#999999\"><span class=\"style30\"><a href=\"https:\/\/trabajosocial.usac.edu.gt\/wp-content\/uploads\/2024\/11\/Pub202304.pdf\">Pub202304.pdf<\/a><\/span><\/td>\n<\/tr>\n<tr>\n<td height=\"26\">\n<div align=\"center\">5<\/div>\n<\/td>\n<td width=\"597\">Comisiones Municipales de Ni\u00f1ez y Adolescencia en atenci\u00f3n y protecci\u00f3n a la Primera Infancia en Guatemala<\/td>\n<td><a href=\"https:\/\/trabajosocial.usac.edu.gt\/wp-content\/uploads\/2024\/11\/Pub202305.pdf\">Pub202305.pdf<\/a><\/td>\n<\/tr>\n<\/tbody>\n<\/table>\n<p>&nbsp;<\/p>\n","protected":false},"excerpt":{"rendered":"<p>PUBLICACIONES INSTITUTO DE INVESTIGACIONES T.S. ANGELA AYALA &nbsp; ORDEN TITULO PDF 1 Trabajo Social: importancia de la investigaci\u00f3n para la intervenci\u00f3n en lo social Pub202301.pdf 2<span class=\"excerpt-hellip\"> [\u2026]<\/span><\/p>\n","protected":false},"author":9,"featured_media":0,"parent":0,"menu_order":0,"comment_status":"closed","ping_status":"closed","template":"","meta":{"footnotes":""},"class_list":["post-5381","page","type-page","status-publish","hentry"],"_links":{"self":[{"href":"https:\/\/trabajosocial.usac.edu.gt\/index.php?rest_route=\/wp\/v2\/pages\/5381","targetHints":{"allow":["GET"]}}],"collection":[{"href":"https:\/\/trabajosocial.usac.edu.gt\/index.php?rest_route=\/wp\/v2\/pages"}],"about":[{"href":"https:\/\/trabajosocial.usac.edu.gt\/index.php?rest_route=\/wp\/v2\/types\/page"}],"author":[{"embeddable":true,"href":"https:\/\/trabajosocial.usac.edu.gt\/index.php?rest_route=\/wp\/v2\/users\/9"}],"replies":[{"embeddable":true,"href":"https:\/\/trabajosocial.usac.edu.gt\/index.php?rest_route=%2Fwp%2Fv2%2Fcomments&post=5381"}],"version-history":[{"count":11,"href":"https:\/\/trabajosocial.usac.edu.gt\/index.php?rest_route=\/wp\/v2\/pages\/5381\/revisions"}],"predecessor-version":[{"id":5671,"href":"https:\/\/trabajosocial.usac.edu.gt\/index.php?rest_route=\/wp\/v2\/pages\/5381\/revisions\/5671"}],"wp:attachment":[{"href":"https:\/\/trabajosocial.usac.edu.gt\/index.php?rest_route=%2Fwp%2Fv2%2Fmedia&parent=5381"}],"curies":[{"name":"wp","href":"https:\/\/api.w.org\/{rel}","templated":true}]}}