{"id":3942,"date":"2019-11-25T16:40:34","date_gmt":"2019-11-25T22:40:34","guid":{"rendered":"https:\/\/trabajosocial.usac.edu.gt\/wordpress\/?page_id=3942"},"modified":"2025-04-28T17:08:05","modified_gmt":"2025-04-28T23:08:05","slug":"revistas","status":"publish","type":"page","link":"https:\/\/trabajosocial.usac.edu.gt\/?page_id=3942","title":{"rendered":"Revistas"},"content":{"rendered":"<table cellspacing=\"0\" cellpadding=\"0\">\n<tbody>\n<tr>\n<td colspan=\"3\" height=\"60\">\n<div class=\"style20\" align=\"center\">\n<p class=\"style31\">REVISTAS DEL\u00a0 INSTITUTO DE INVESTIGACIONES<\/p>\n<p class=\"style31\">T.S. ANGELA AYALA<\/p>\n<p>&nbsp;<\/p>\n<\/div>\n<\/td>\n<\/tr>\n<tr>\n<td bgcolor=\"#000000\" width=\"93\" height=\"26\">\n<div align=\"center\"><span class=\"style24\">ORDEN<\/span><\/div>\n<\/td>\n<td bgcolor=\"#000000\">\n<div align=\"center\"><span class=\"style24\">TITULO<\/span><\/div>\n<\/td>\n<td bgcolor=\"#000000\" width=\"96\"><span class=\"style24\">PDF<\/span><\/td>\n<\/tr>\n<tr>\n<td height=\"26\">\n<div align=\"center\">1<\/div>\n<\/td>\n<td width=\"597\">Trabajo Social<\/td>\n<td><a href=\"https:\/\/trabajosocial.usac.edu.gt\/wp-content\/uploads\/2025\/04\/Revista_N42.pdf\">Revista_N42.pdf<\/a><\/td>\n<\/tr>\n<tr>\n<td height=\"26\">\n<div align=\"center\">2<\/div>\n<\/td>\n<td width=\"597\">Trabajo Social<\/td>\n<td><a href=\"https:\/\/trabajosocial.usac.edu.gt\/wp-content\/uploads\/2024\/01\/Revista_N41.pdf\">Revista_N41.pdf<\/a><\/td>\n<\/tr>\n<tr>\n<td height=\"26\">\n<div align=\"center\">3<\/div>\n<\/td>\n<td width=\"597\">Trabajo Social<\/td>\n<td><a href=\"https:\/\/trabajosocial.usac.edu.gt\/wp-content\/uploads\/2023\/02\/Revista_N40.pdf\">Revista_N40.pdf<\/a><\/td>\n<\/tr>\n<tr>\n<td height=\"26\">\n<div align=\"center\">4<\/div>\n<\/td>\n<td width=\"597\">Trabajo Social<\/td>\n<td><a href=\"http:\/\/ls3.usac.edu.gt\/trabajosocial\/iiets\/Revista_N39.pdf\">Revista_N39.pdf<\/a><\/td>\n<\/tr>\n<tr>\n<td height=\"26\">\n<div align=\"center\">5<\/div>\n<\/td>\n<td width=\"597\">Trabajo Social<\/td>\n<td><a href=\"http:\/\/ls3.usac.edu.gt\/trabajosocial\/iiets\/Revista_N38.pdf\">Revista_N38.pdf<\/a><\/td>\n<\/tr>\n<tr>\n<td height=\"26\">\n<div align=\"center\">6<\/div>\n<\/td>\n<td width=\"597\">Exclusi\u00f3n Social en el nuevo milenio<\/td>\n<td><a href=\"http:\/\/ls3.usac.edu.gt\/trabajosocial\/iiets\/Revista_N37.pdf\">Revista_N37.pdf<\/a><\/td>\n<\/tr>\n<tr>\n<td height=\"26\">\n<div align=\"center\">7<\/div>\n<\/td>\n<td width=\"597\">Implicaciones del desarrollo tecnol\u00f3gico en la problem\u00e1tica social<\/td>\n<td><a href=\"http:\/\/ls3.usac.edu.gt\/trabajosocial\/iiets\/Revista_N36.pdf\">Revista_N36.pdf<\/a><\/td>\n<\/tr>\n<tr>\n<td height=\"26\">\n<div align=\"center\">8<\/div>\n<\/td>\n<td width=\"597\">Conflictividad y movimientos sociales<\/td>\n<td><a href=\"http:\/\/ls3.usac.edu.gt\/trabajosocial\/iiets\/Revista_N35.pdf\">Revista_N35.pdf<\/a><\/td>\n<\/tr>\n<tr>\n<td height=\"26\">\n<div align=\"center\">9<\/div>\n<\/td>\n<td width=\"597\">Promoci\u00f3n y desarrollo social de los ni\u00f1os, ni\u00f1as y adolescentes<\/td>\n<td><a href=\"http:\/\/ls3.usac.edu.gt\/trabajosocial\/iiets\/Revista_N34.pdf\">Revista_N34.pdf<\/a><\/td>\n<\/tr>\n<tr>\n<td height=\"26\">\n<div align=\"center\">10<\/div>\n<\/td>\n<td width=\"597\">Incidencia de Trabajo Social en los Derechos Colectivos<\/td>\n<td><a href=\"http:\/\/ls3.usac.edu.gt\/trabajosocial\/iiets\/Revista_N33.pdf\">Revista_N33.pdf<\/a><\/td>\n<\/tr>\n<tr>\n<td height=\"26\">\n<div align=\"center\">11<\/div>\n<\/td>\n<td width=\"597\">Aportes a la SISTEMATIZACI\u00d3N DE EXPERIENCIAS EN Trabajo Social<\/td>\n<td><a href=\"https:\/\/trabajosocial.usac.edu.gt\/wp-content\/uploads\/2024\/10\/Revista_N26.pdf\">Revista_N26.pdf<\/a><\/td>\n<\/tr>\n<\/tbody>\n<\/table>\n","protected":false},"excerpt":{"rendered":"<p>REVISTAS DEL\u00a0 INSTITUTO DE INVESTIGACIONES T.S. ANGELA AYALA &nbsp; ORDEN TITULO PDF 1 Trabajo Social Revista_N42.pdf 2 Trabajo Social Revista_N41.pdf 3 Trabajo Social Revista_N40.pdf 4 Trabajo<span class=\"excerpt-hellip\"> [\u2026]<\/span><\/p>\n","protected":false},"author":9,"featured_media":0,"parent":0,"menu_order":0,"comment_status":"closed","ping_status":"closed","template":"","meta":{"footnotes":""},"class_list":["post-3942","page","type-page","status-publish","hentry"],"_links":{"self":[{"href":"https:\/\/trabajosocial.usac.edu.gt\/index.php?rest_route=\/wp\/v2\/pages\/3942","targetHints":{"allow":["GET"]}}],"collection":[{"href":"https:\/\/trabajosocial.usac.edu.gt\/index.php?rest_route=\/wp\/v2\/pages"}],"about":[{"href":"https:\/\/trabajosocial.usac.edu.gt\/index.php?rest_route=\/wp\/v2\/types\/page"}],"author":[{"embeddable":true,"href":"https:\/\/trabajosocial.usac.edu.gt\/index.php?rest_route=\/wp\/v2\/users\/9"}],"replies":[{"embeddable":true,"href":"https:\/\/trabajosocial.usac.edu.gt\/index.php?rest_route=%2Fwp%2Fv2%2Fcomments&post=3942"}],"version-history":[{"count":32,"href":"https:\/\/trabajosocial.usac.edu.gt\/index.php?rest_route=\/wp\/v2\/pages\/3942\/revisions"}],"predecessor-version":[{"id":5684,"href":"https:\/\/trabajosocial.usac.edu.gt\/index.php?rest_route=\/wp\/v2\/pages\/3942\/revisions\/5684"}],"wp:attachment":[{"href":"https:\/\/trabajosocial.usac.edu.gt\/index.php?rest_route=%2Fwp%2Fv2%2Fmedia&parent=3942"}],"curies":[{"name":"wp","href":"https:\/\/api.w.org\/{rel}","templated":true}]}}