{"id":239,"date":"2017-05-15T17:39:58","date_gmt":"2017-05-15T23:39:58","guid":{"rendered":"https:\/\/trabajosocial.usac.edu.gt\/wordpress\/?page_id=239"},"modified":"2022-04-18T14:09:50","modified_gmt":"2022-04-18T20:09:50","slug":"15-01-03","status":"publish","type":"page","link":"https:\/\/trabajosocial.usac.edu.gt\/?page_id=239","title":{"rendered":"T\u00e9cnico en Gesti\u00f3n Social para la atenci\u00f3n a la primera infancia"},"content":{"rendered":"","protected":false},"excerpt":{"rendered":"","protected":false},"author":9,"featured_media":0,"parent":0,"menu_order":0,"comment_status":"open","ping_status":"open","template":"","meta":{"footnotes":""},"class_list":["post-239","page","type-page","status-publish","hentry"],"_links":{"self":[{"href":"https:\/\/trabajosocial.usac.edu.gt\/index.php?rest_route=\/wp\/v2\/pages\/239","targetHints":{"allow":["GET"]}}],"collection":[{"href":"https:\/\/trabajosocial.usac.edu.gt\/index.php?rest_route=\/wp\/v2\/pages"}],"about":[{"href":"https:\/\/trabajosocial.usac.edu.gt\/index.php?rest_route=\/wp\/v2\/types\/page"}],"author":[{"embeddable":true,"href":"https:\/\/trabajosocial.usac.edu.gt\/index.php?rest_route=\/wp\/v2\/users\/9"}],"replies":[{"embeddable":true,"href":"https:\/\/trabajosocial.usac.edu.gt\/index.php?rest_route=%2Fwp%2Fv2%2Fcomments&post=239"}],"version-history":[{"count":2,"href":"https:\/\/trabajosocial.usac.edu.gt\/index.php?rest_route=\/wp\/v2\/pages\/239\/revisions"}],"predecessor-version":[{"id":583,"href":"https:\/\/trabajosocial.usac.edu.gt\/index.php?rest_route=\/wp\/v2\/pages\/239\/revisions\/583"}],"wp:attachment":[{"href":"https:\/\/trabajosocial.usac.edu.gt\/index.php?rest_route=%2Fwp%2Fv2%2Fmedia&parent=239"}],"curies":[{"name":"wp","href":"https:\/\/api.w.org\/{rel}","templated":true}]}}